{"id":822651,"date":"2022-11-24T16:33:10","date_gmt":"2022-11-24T15:33:10","guid":{"rendered":"https:\/\/bergerat-used.com\/?page_id=822651"},"modified":"2024-03-01T10:20:38","modified_gmt":"2024-03-01T09:20:38","slug":"polityka-dotyczaca-plikow-cookie","status":"publish","type":"page","link":"https:\/\/bergerat-used.com\/pl\/polityka-dotyczaca-plikow-cookie\/","title":{"rendered":"<strong>Polityka dotycz\u0105ca plik\u00f3w cookie<\/strong>"},"content":{"rendered":"","protected":false},"excerpt":{"rendered":"","protected":false},"author":95,"featured_media":0,"parent":0,"menu_order":0,"comment_status":"closed","ping_status":"closed","template":"templates\/home.php","meta":{"_acf_changed":false,"footnotes":""},"class_list":["post-822651","page","type-page","status-publish","hentry"],"acf":[],"yoast_head":"<!-- This site is optimized with the Yoast SEO plugin v27.0 - https:\/\/yoast.com\/product\/yoast-seo-wordpress\/ -->\n<title>Polityka dotycz\u0105ca plik\u00f3w cookie - Bergerat USED<\/title>\n<meta name=\"description\" content=\"Polityka dotycz\u0105ca plik\u00f3w cookie Bergerat USED\" \/>\n<meta name=\"robots\" content=\"noindex, nofollow\" \/>\n<meta property=\"og:locale\" content=\"pl_PL\" \/>\n<meta property=\"og:type\" content=\"article\" \/>\n<meta property=\"og:title\" content=\"Polityka dotycz\u0105ca plik\u00f3w cookie - Bergerat USED\" \/>\n<meta property=\"og:description\" content=\"Polityka dotycz\u0105ca plik\u00f3w cookie Bergerat USED\" \/>\n<meta property=\"og:url\" content=\"https:\/\/bergerat-used.com\/pl\/polityka-dotyczaca-plikow-cookie\/\" \/>\n<meta property=\"og:site_name\" content=\"Bergerat USED\" \/>\n<meta property=\"article:modified_time\" content=\"2024-03-01T09:20:38+00:00\" \/>\n<meta name=\"twitter:card\" content=\"summary_large_image\" \/>\n<script type=\"application\/ld+json\" class=\"yoast-schema-graph\">{\"@context\":\"https:\/\/schema.org\",\"@graph\":[{\"@type\":\"WebPage\",\"@id\":\"https:\/\/bergerat-used.com\/pl\/polityka-dotyczaca-plikow-cookie\/\",\"url\":\"https:\/\/bergerat-used.com\/pl\/polityka-dotyczaca-plikow-cookie\/\",\"name\":\"Polityka dotycz\u0105ca plik\u00f3w cookie - Bergerat USED\",\"isPartOf\":{\"@id\":\"https:\/\/bergerat-used.com\/pl\/#website\"},\"datePublished\":\"2022-11-24T15:33:10+00:00\",\"dateModified\":\"2024-03-01T09:20:38+00:00\",\"description\":\"Polityka dotycz\u0105ca plik\u00f3w cookie Bergerat USED\",\"breadcrumb\":{\"@id\":\"https:\/\/bergerat-used.com\/pl\/polityka-dotyczaca-plikow-cookie\/#breadcrumb\"},\"inLanguage\":\"pl-PL\",\"potentialAction\":[{\"@type\":\"ReadAction\",\"target\":[\"https:\/\/bergerat-used.com\/pl\/polityka-dotyczaca-plikow-cookie\/\"]}]},{\"@type\":\"BreadcrumbList\",\"@id\":\"https:\/\/bergerat-used.com\/pl\/polityka-dotyczaca-plikow-cookie\/#breadcrumb\",\"itemListElement\":[{\"@type\":\"ListItem\",\"position\":1,\"name\":\"Home\",\"item\":\"https:\/\/bergerat-used.com\/pl\/\"},{\"@type\":\"ListItem\",\"position\":2,\"name\":\"Polityka dotycz\u0105ca plik\u00f3w cookie\"}]},{\"@type\":\"WebSite\",\"@id\":\"https:\/\/bergerat-used.com\/pl\/#website\",\"url\":\"https:\/\/bergerat-used.com\/pl\/\",\"name\":\"Bergerat USED\",\"description\":\"Un site utilisant WordPress\",\"potentialAction\":[{\"@type\":\"SearchAction\",\"target\":{\"@type\":\"EntryPoint\",\"urlTemplate\":\"https:\/\/bergerat-used.com\/pl\/?s={search_term_string}\"},\"query-input\":{\"@type\":\"PropertyValueSpecification\",\"valueRequired\":true,\"valueName\":\"search_term_string\"}}],\"inLanguage\":\"pl-PL\"}]}<\/script>\n<!-- \/ Yoast SEO plugin. -->","yoast_head_json":{"title":"Polityka dotycz\u0105ca plik\u00f3w cookie - Bergerat USED","description":"Polityka dotycz\u0105ca plik\u00f3w cookie Bergerat USED","robots":{"index":"noindex","follow":"nofollow"},"og_locale":"pl_PL","og_type":"article","og_title":"Polityka dotycz\u0105ca plik\u00f3w cookie - Bergerat USED","og_description":"Polityka dotycz\u0105ca plik\u00f3w cookie Bergerat USED","og_url":"https:\/\/bergerat-used.com\/pl\/polityka-dotyczaca-plikow-cookie\/","og_site_name":"Bergerat USED","article_modified_time":"2024-03-01T09:20:38+00:00","twitter_card":"summary_large_image","schema":{"@context":"https:\/\/schema.org","@graph":[{"@type":"WebPage","@id":"https:\/\/bergerat-used.com\/pl\/polityka-dotyczaca-plikow-cookie\/","url":"https:\/\/bergerat-used.com\/pl\/polityka-dotyczaca-plikow-cookie\/","name":"Polityka dotycz\u0105ca plik\u00f3w cookie - Bergerat USED","isPartOf":{"@id":"https:\/\/bergerat-used.com\/pl\/#website"},"datePublished":"2022-11-24T15:33:10+00:00","dateModified":"2024-03-01T09:20:38+00:00","description":"Polityka dotycz\u0105ca plik\u00f3w cookie Bergerat USED","breadcrumb":{"@id":"https:\/\/bergerat-used.com\/pl\/polityka-dotyczaca-plikow-cookie\/#breadcrumb"},"inLanguage":"pl-PL","potentialAction":[{"@type":"ReadAction","target":["https:\/\/bergerat-used.com\/pl\/polityka-dotyczaca-plikow-cookie\/"]}]},{"@type":"BreadcrumbList","@id":"https:\/\/bergerat-used.com\/pl\/polityka-dotyczaca-plikow-cookie\/#breadcrumb","itemListElement":[{"@type":"ListItem","position":1,"name":"Home","item":"https:\/\/bergerat-used.com\/pl\/"},{"@type":"ListItem","position":2,"name":"Polityka dotycz\u0105ca plik\u00f3w cookie"}]},{"@type":"WebSite","@id":"https:\/\/bergerat-used.com\/pl\/#website","url":"https:\/\/bergerat-used.com\/pl\/","name":"Bergerat USED","description":"Un site utilisant WordPress","potentialAction":[{"@type":"SearchAction","target":{"@type":"EntryPoint","urlTemplate":"https:\/\/bergerat-used.com\/pl\/?s={search_term_string}"},"query-input":{"@type":"PropertyValueSpecification","valueRequired":true,"valueName":"search_term_string"}}],"inLanguage":"pl-PL"}]}},"_links":{"self":[{"href":"https:\/\/bergerat-used.com\/pl\/wp-json\/wp\/v2\/pages\/822651","targetHints":{"allow":["GET"]}}],"collection":[{"href":"https:\/\/bergerat-used.com\/pl\/wp-json\/wp\/v2\/pages"}],"about":[{"href":"https:\/\/bergerat-used.com\/pl\/wp-json\/wp\/v2\/types\/page"}],"author":[{"embeddable":true,"href":"https:\/\/bergerat-used.com\/pl\/wp-json\/wp\/v2\/users\/95"}],"replies":[{"embeddable":true,"href":"https:\/\/bergerat-used.com\/pl\/wp-json\/wp\/v2\/comments?post=822651"}],"version-history":[{"count":6,"href":"https:\/\/bergerat-used.com\/pl\/wp-json\/wp\/v2\/pages\/822651\/revisions"}],"predecessor-version":[{"id":3341052,"href":"https:\/\/bergerat-used.com\/pl\/wp-json\/wp\/v2\/pages\/822651\/revisions\/3341052"}],"wp:attachment":[{"href":"https:\/\/bergerat-used.com\/pl\/wp-json\/wp\/v2\/media?parent=822651"}],"curies":[{"name":"wp","href":"https:\/\/api.w.org\/{rel}","templated":true}]}}