{"id":1285,"date":"2022-03-04T12:20:31","date_gmt":"2022-03-04T11:20:31","guid":{"rendered":"https:\/\/bergerat-used.com\/sell-your-machine\/"},"modified":"2022-08-01T09:37:04","modified_gmt":"2022-08-01T07:37:04","slug":"sprzedaj-swoja-maszyne","status":"publish","type":"page","link":"https:\/\/bergerat-used.com\/pl\/sprzedaj-swoja-maszyne\/sprzedaj-swoja-maszyne\/","title":{"rendered":"Sprzedaj nam swoj\u0105 maszyn\u0119"},"content":{"rendered":"","protected":false},"excerpt":{"rendered":"","protected":false},"author":171,"featured_media":0,"parent":1275,"menu_order":0,"comment_status":"closed","ping_status":"closed","template":"templates\/home.php","meta":{"_acf_changed":false,"footnotes":""},"class_list":["post-1285","page","type-page","status-publish","hentry"],"acf":[],"yoast_head":"<!-- This site is optimized with the Yoast SEO plugin v27.0 - https:\/\/yoast.com\/product\/yoast-seo-wordpress\/ -->\n<title>Sprzedaj nam swoj\u0105 maszyn\u0119 - Bergerat USED<\/title>\n<meta name=\"description\" content=\"Sprzedaj nam swoj\u0105 maszyn\u0119 Bergerat USED\" \/>\n<meta name=\"robots\" content=\"index, follow, max-snippet:-1, max-image-preview:large, max-video-preview:-1\" \/>\n<link rel=\"canonical\" href=\"https:\/\/bergerat-used.com\/pl\/sprzedaj-swoja-maszyne\/sprzedaj-swoja-maszyne\/\" \/>\n<meta property=\"og:locale\" content=\"pl_PL\" \/>\n<meta property=\"og:type\" content=\"article\" \/>\n<meta property=\"og:title\" content=\"Sprzedaj nam swoj\u0105 maszyn\u0119 - Bergerat USED\" \/>\n<meta property=\"og:description\" content=\"Sprzedaj nam swoj\u0105 maszyn\u0119 Bergerat USED\" \/>\n<meta property=\"og:url\" content=\"https:\/\/bergerat-used.com\/pl\/sprzedaj-swoja-maszyne\/sprzedaj-swoja-maszyne\/\" \/>\n<meta property=\"og:site_name\" content=\"Bergerat USED\" \/>\n<meta property=\"article:modified_time\" content=\"2022-08-01T07:37:04+00:00\" \/>\n<meta name=\"twitter:card\" content=\"summary_large_image\" \/>\n<script type=\"application\/ld+json\" class=\"yoast-schema-graph\">{\"@context\":\"https:\/\/schema.org\",\"@graph\":[{\"@type\":\"WebPage\",\"@id\":\"https:\/\/bergerat-used.com\/pl\/sprzedaj-swoja-maszyne\/sprzedaj-swoja-maszyne\/\",\"url\":\"https:\/\/bergerat-used.com\/pl\/sprzedaj-swoja-maszyne\/sprzedaj-swoja-maszyne\/\",\"name\":\"Sprzedaj nam swoj\u0105 maszyn\u0119 - Bergerat USED\",\"isPartOf\":{\"@id\":\"https:\/\/bergerat-used.com\/pl\/#website\"},\"datePublished\":\"2022-03-04T11:20:31+00:00\",\"dateModified\":\"2022-08-01T07:37:04+00:00\",\"description\":\"Sprzedaj nam swoj\u0105 maszyn\u0119 Bergerat USED\",\"breadcrumb\":{\"@id\":\"https:\/\/bergerat-used.com\/pl\/sprzedaj-swoja-maszyne\/sprzedaj-swoja-maszyne\/#breadcrumb\"},\"inLanguage\":\"pl-PL\",\"potentialAction\":[{\"@type\":\"ReadAction\",\"target\":[\"https:\/\/bergerat-used.com\/pl\/sprzedaj-swoja-maszyne\/sprzedaj-swoja-maszyne\/\"]}]},{\"@type\":\"BreadcrumbList\",\"@id\":\"https:\/\/bergerat-used.com\/pl\/sprzedaj-swoja-maszyne\/sprzedaj-swoja-maszyne\/#breadcrumb\",\"itemListElement\":[{\"@type\":\"ListItem\",\"position\":1,\"name\":\"Home\",\"item\":\"https:\/\/bergerat-used.com\/pl\/\"},{\"@type\":\"ListItem\",\"position\":2,\"name\":\"Sprzedaj nam swoj\u0105 maszyn\u0119\",\"item\":\"https:\/\/bergerat-used.com\/pl\/sprzedaj-swoja-maszyne\/\"},{\"@type\":\"ListItem\",\"position\":3,\"name\":\"Sprzedaj nam swoj\u0105 maszyn\u0119\"}]},{\"@type\":\"WebSite\",\"@id\":\"https:\/\/bergerat-used.com\/pl\/#website\",\"url\":\"https:\/\/bergerat-used.com\/pl\/\",\"name\":\"Bergerat USED\",\"description\":\"Un site utilisant WordPress\",\"potentialAction\":[{\"@type\":\"SearchAction\",\"target\":{\"@type\":\"EntryPoint\",\"urlTemplate\":\"https:\/\/bergerat-used.com\/pl\/?s={search_term_string}\"},\"query-input\":{\"@type\":\"PropertyValueSpecification\",\"valueRequired\":true,\"valueName\":\"search_term_string\"}}],\"inLanguage\":\"pl-PL\"}]}<\/script>\n<!-- \/ Yoast SEO plugin. -->","yoast_head_json":{"title":"Sprzedaj nam swoj\u0105 maszyn\u0119 - Bergerat USED","description":"Sprzedaj nam swoj\u0105 maszyn\u0119 Bergerat USED","robots":{"index":"index","follow":"follow","max-snippet":"max-snippet:-1","max-image-preview":"max-image-preview:large","max-video-preview":"max-video-preview:-1"},"canonical":"https:\/\/bergerat-used.com\/pl\/sprzedaj-swoja-maszyne\/sprzedaj-swoja-maszyne\/","og_locale":"pl_PL","og_type":"article","og_title":"Sprzedaj nam swoj\u0105 maszyn\u0119 - Bergerat USED","og_description":"Sprzedaj nam swoj\u0105 maszyn\u0119 Bergerat USED","og_url":"https:\/\/bergerat-used.com\/pl\/sprzedaj-swoja-maszyne\/sprzedaj-swoja-maszyne\/","og_site_name":"Bergerat USED","article_modified_time":"2022-08-01T07:37:04+00:00","twitter_card":"summary_large_image","schema":{"@context":"https:\/\/schema.org","@graph":[{"@type":"WebPage","@id":"https:\/\/bergerat-used.com\/pl\/sprzedaj-swoja-maszyne\/sprzedaj-swoja-maszyne\/","url":"https:\/\/bergerat-used.com\/pl\/sprzedaj-swoja-maszyne\/sprzedaj-swoja-maszyne\/","name":"Sprzedaj nam swoj\u0105 maszyn\u0119 - Bergerat USED","isPartOf":{"@id":"https:\/\/bergerat-used.com\/pl\/#website"},"datePublished":"2022-03-04T11:20:31+00:00","dateModified":"2022-08-01T07:37:04+00:00","description":"Sprzedaj nam swoj\u0105 maszyn\u0119 Bergerat USED","breadcrumb":{"@id":"https:\/\/bergerat-used.com\/pl\/sprzedaj-swoja-maszyne\/sprzedaj-swoja-maszyne\/#breadcrumb"},"inLanguage":"pl-PL","potentialAction":[{"@type":"ReadAction","target":["https:\/\/bergerat-used.com\/pl\/sprzedaj-swoja-maszyne\/sprzedaj-swoja-maszyne\/"]}]},{"@type":"BreadcrumbList","@id":"https:\/\/bergerat-used.com\/pl\/sprzedaj-swoja-maszyne\/sprzedaj-swoja-maszyne\/#breadcrumb","itemListElement":[{"@type":"ListItem","position":1,"name":"Home","item":"https:\/\/bergerat-used.com\/pl\/"},{"@type":"ListItem","position":2,"name":"Sprzedaj nam swoj\u0105 maszyn\u0119","item":"https:\/\/bergerat-used.com\/pl\/sprzedaj-swoja-maszyne\/"},{"@type":"ListItem","position":3,"name":"Sprzedaj nam swoj\u0105 maszyn\u0119"}]},{"@type":"WebSite","@id":"https:\/\/bergerat-used.com\/pl\/#website","url":"https:\/\/bergerat-used.com\/pl\/","name":"Bergerat USED","description":"Un site utilisant WordPress","potentialAction":[{"@type":"SearchAction","target":{"@type":"EntryPoint","urlTemplate":"https:\/\/bergerat-used.com\/pl\/?s={search_term_string}"},"query-input":{"@type":"PropertyValueSpecification","valueRequired":true,"valueName":"search_term_string"}}],"inLanguage":"pl-PL"}]}},"_links":{"self":[{"href":"https:\/\/bergerat-used.com\/pl\/wp-json\/wp\/v2\/pages\/1285","targetHints":{"allow":["GET"]}}],"collection":[{"href":"https:\/\/bergerat-used.com\/pl\/wp-json\/wp\/v2\/pages"}],"about":[{"href":"https:\/\/bergerat-used.com\/pl\/wp-json\/wp\/v2\/types\/page"}],"author":[{"embeddable":true,"href":"https:\/\/bergerat-used.com\/pl\/wp-json\/wp\/v2\/users\/171"}],"replies":[{"embeddable":true,"href":"https:\/\/bergerat-used.com\/pl\/wp-json\/wp\/v2\/comments?post=1285"}],"version-history":[{"count":14,"href":"https:\/\/bergerat-used.com\/pl\/wp-json\/wp\/v2\/pages\/1285\/revisions"}],"predecessor-version":[{"id":480001,"href":"https:\/\/bergerat-used.com\/pl\/wp-json\/wp\/v2\/pages\/1285\/revisions\/480001"}],"up":[{"embeddable":true,"href":"https:\/\/bergerat-used.com\/pl\/wp-json\/wp\/v2\/pages\/1275"}],"wp:attachment":[{"href":"https:\/\/bergerat-used.com\/pl\/wp-json\/wp\/v2\/media?parent=1285"}],"curies":[{"name":"wp","href":"https:\/\/api.w.org\/{rel}","templated":true}]}}