{"id":1074,"date":"2022-02-22T08:49:25","date_gmt":"2022-02-22T07:49:25","guid":{"rendered":"https:\/\/bergerat-used.com\/home\/"},"modified":"2026-03-04T14:42:19","modified_gmt":"2026-03-04T13:42:19","slug":"strona-glowna","status":"publish","type":"page","link":"https:\/\/bergerat-used.com\/pl\/strona-glowna\/","title":{"rendered":"Strona g\u0142\u00f3wna"},"content":{"rendered":"","protected":false},"excerpt":{"rendered":"","protected":false},"author":171,"featured_media":1608627,"parent":0,"menu_order":148,"comment_status":"closed","ping_status":"open","template":"templates\/home.php","meta":{"_acf_changed":false,"footnotes":""},"class_list":["post-1074","page","type-page","status-publish","has-post-thumbnail","hentry"],"acf":[],"yoast_head":"<!-- This site is optimized with the Yoast SEO plugin v27.0 - https:\/\/yoast.com\/product\/yoast-seo-wordpress\/ -->\n<title>Strona g\u0142\u00f3wna - Bergerat USED<\/title>\n<meta name=\"description\" content=\"Strona g\u0142\u00f3wna Bergerat USED\" \/>\n<meta name=\"robots\" content=\"index, follow, max-snippet:-1, max-image-preview:large, max-video-preview:-1\" \/>\n<link rel=\"canonical\" href=\"https:\/\/bergerat-used.com\/pl\/strona-glowna\/\" \/>\n<meta property=\"og:locale\" content=\"pl_PL\" \/>\n<meta property=\"og:type\" content=\"article\" \/>\n<meta property=\"og:title\" content=\"Strona g\u0142\u00f3wna - Bergerat USED\" \/>\n<meta property=\"og:description\" content=\"Strona g\u0142\u00f3wna Bergerat USED\" \/>\n<meta property=\"og:url\" content=\"https:\/\/bergerat-used.com\/pl\/strona-glowna\/\" \/>\n<meta property=\"og:site_name\" content=\"Bergerat USED\" \/>\n<meta property=\"article:modified_time\" content=\"2026-03-04T13:42:19+00:00\" \/>\n<meta property=\"og:image\" content=\"https:\/\/bergerat-used.com\/wp-content\/uploads\/2023\/02\/315pelle.png\" \/>\n\t<meta property=\"og:image:width\" content=\"360\" \/>\n\t<meta property=\"og:image:height\" content=\"360\" \/>\n\t<meta property=\"og:image:type\" content=\"image\/png\" \/>\n<meta name=\"twitter:card\" content=\"summary_large_image\" \/>\n<meta name=\"twitter:label1\" content=\"Szacowany czas czytania\" \/>\n\t<meta name=\"twitter:data1\" content=\"1 minuta\" \/>\n<script type=\"application\/ld+json\" class=\"yoast-schema-graph\">{\"@context\":\"https:\/\/schema.org\",\"@graph\":[{\"@type\":\"WebPage\",\"@id\":\"https:\/\/bergerat-used.com\/pl\/strona-glowna\/\",\"url\":\"https:\/\/bergerat-used.com\/pl\/strona-glowna\/\",\"name\":\"Strona g\u0142\u00f3wna - Bergerat USED\",\"isPartOf\":{\"@id\":\"https:\/\/bergerat-used.com\/pl\/#website\"},\"primaryImageOfPage\":{\"@id\":\"https:\/\/bergerat-used.com\/pl\/strona-glowna\/#primaryimage\"},\"image\":{\"@id\":\"https:\/\/bergerat-used.com\/pl\/strona-glowna\/#primaryimage\"},\"thumbnailUrl\":\"https:\/\/bergerat-used.com\/wp-content\/uploads\/2023\/02\/315pelle.png\",\"datePublished\":\"2022-02-22T07:49:25+00:00\",\"dateModified\":\"2026-03-04T13:42:19+00:00\",\"description\":\"Strona g\u0142\u00f3wna Bergerat USED\",\"breadcrumb\":{\"@id\":\"https:\/\/bergerat-used.com\/pl\/strona-glowna\/#breadcrumb\"},\"inLanguage\":\"pl-PL\",\"potentialAction\":[{\"@type\":\"ReadAction\",\"target\":[\"https:\/\/bergerat-used.com\/pl\/strona-glowna\/\"]}]},{\"@type\":\"ImageObject\",\"inLanguage\":\"pl-PL\",\"@id\":\"https:\/\/bergerat-used.com\/pl\/strona-glowna\/#primaryimage\",\"url\":\"https:\/\/bergerat-used.com\/wp-content\/uploads\/2023\/02\/315pelle.png\",\"contentUrl\":\"https:\/\/bergerat-used.com\/wp-content\/uploads\/2023\/02\/315pelle.png\",\"width\":360,\"height\":360},{\"@type\":\"BreadcrumbList\",\"@id\":\"https:\/\/bergerat-used.com\/pl\/strona-glowna\/#breadcrumb\",\"itemListElement\":[{\"@type\":\"ListItem\",\"position\":1,\"name\":\"Home\",\"item\":\"https:\/\/bergerat-used.com\/pl\/\"},{\"@type\":\"ListItem\",\"position\":2,\"name\":\"Strona g\u0142\u00f3wna\"}]},{\"@type\":\"WebSite\",\"@id\":\"https:\/\/bergerat-used.com\/pl\/#website\",\"url\":\"https:\/\/bergerat-used.com\/pl\/\",\"name\":\"Bergerat USED\",\"description\":\"Un site utilisant WordPress\",\"potentialAction\":[{\"@type\":\"SearchAction\",\"target\":{\"@type\":\"EntryPoint\",\"urlTemplate\":\"https:\/\/bergerat-used.com\/pl\/?s={search_term_string}\"},\"query-input\":{\"@type\":\"PropertyValueSpecification\",\"valueRequired\":true,\"valueName\":\"search_term_string\"}}],\"inLanguage\":\"pl-PL\"}]}<\/script>\n<!-- \/ Yoast SEO plugin. -->","yoast_head_json":{"title":"Strona g\u0142\u00f3wna - Bergerat USED","description":"Strona g\u0142\u00f3wna Bergerat USED","robots":{"index":"index","follow":"follow","max-snippet":"max-snippet:-1","max-image-preview":"max-image-preview:large","max-video-preview":"max-video-preview:-1"},"canonical":"https:\/\/bergerat-used.com\/pl\/strona-glowna\/","og_locale":"pl_PL","og_type":"article","og_title":"Strona g\u0142\u00f3wna - Bergerat USED","og_description":"Strona g\u0142\u00f3wna Bergerat USED","og_url":"https:\/\/bergerat-used.com\/pl\/strona-glowna\/","og_site_name":"Bergerat USED","article_modified_time":"2026-03-04T13:42:19+00:00","og_image":[{"width":360,"height":360,"url":"https:\/\/bergerat-used.com\/wp-content\/uploads\/2023\/02\/315pelle.png","type":"image\/png"}],"twitter_card":"summary_large_image","twitter_misc":{"Szacowany czas czytania":"1 minuta"},"schema":{"@context":"https:\/\/schema.org","@graph":[{"@type":"WebPage","@id":"https:\/\/bergerat-used.com\/pl\/strona-glowna\/","url":"https:\/\/bergerat-used.com\/pl\/strona-glowna\/","name":"Strona g\u0142\u00f3wna - Bergerat USED","isPartOf":{"@id":"https:\/\/bergerat-used.com\/pl\/#website"},"primaryImageOfPage":{"@id":"https:\/\/bergerat-used.com\/pl\/strona-glowna\/#primaryimage"},"image":{"@id":"https:\/\/bergerat-used.com\/pl\/strona-glowna\/#primaryimage"},"thumbnailUrl":"https:\/\/bergerat-used.com\/wp-content\/uploads\/2023\/02\/315pelle.png","datePublished":"2022-02-22T07:49:25+00:00","dateModified":"2026-03-04T13:42:19+00:00","description":"Strona g\u0142\u00f3wna Bergerat USED","breadcrumb":{"@id":"https:\/\/bergerat-used.com\/pl\/strona-glowna\/#breadcrumb"},"inLanguage":"pl-PL","potentialAction":[{"@type":"ReadAction","target":["https:\/\/bergerat-used.com\/pl\/strona-glowna\/"]}]},{"@type":"ImageObject","inLanguage":"pl-PL","@id":"https:\/\/bergerat-used.com\/pl\/strona-glowna\/#primaryimage","url":"https:\/\/bergerat-used.com\/wp-content\/uploads\/2023\/02\/315pelle.png","contentUrl":"https:\/\/bergerat-used.com\/wp-content\/uploads\/2023\/02\/315pelle.png","width":360,"height":360},{"@type":"BreadcrumbList","@id":"https:\/\/bergerat-used.com\/pl\/strona-glowna\/#breadcrumb","itemListElement":[{"@type":"ListItem","position":1,"name":"Home","item":"https:\/\/bergerat-used.com\/pl\/"},{"@type":"ListItem","position":2,"name":"Strona g\u0142\u00f3wna"}]},{"@type":"WebSite","@id":"https:\/\/bergerat-used.com\/pl\/#website","url":"https:\/\/bergerat-used.com\/pl\/","name":"Bergerat USED","description":"Un site utilisant WordPress","potentialAction":[{"@type":"SearchAction","target":{"@type":"EntryPoint","urlTemplate":"https:\/\/bergerat-used.com\/pl\/?s={search_term_string}"},"query-input":{"@type":"PropertyValueSpecification","valueRequired":true,"valueName":"search_term_string"}}],"inLanguage":"pl-PL"}]}},"_links":{"self":[{"href":"https:\/\/bergerat-used.com\/pl\/wp-json\/wp\/v2\/pages\/1074","targetHints":{"allow":["GET"]}}],"collection":[{"href":"https:\/\/bergerat-used.com\/pl\/wp-json\/wp\/v2\/pages"}],"about":[{"href":"https:\/\/bergerat-used.com\/pl\/wp-json\/wp\/v2\/types\/page"}],"author":[{"embeddable":true,"href":"https:\/\/bergerat-used.com\/pl\/wp-json\/wp\/v2\/users\/171"}],"replies":[{"embeddable":true,"href":"https:\/\/bergerat-used.com\/pl\/wp-json\/wp\/v2\/comments?post=1074"}],"version-history":[{"count":40,"href":"https:\/\/bergerat-used.com\/pl\/wp-json\/wp\/v2\/pages\/1074\/revisions"}],"predecessor-version":[{"id":5519352,"href":"https:\/\/bergerat-used.com\/pl\/wp-json\/wp\/v2\/pages\/1074\/revisions\/5519352"}],"wp:featuredmedia":[{"embeddable":true,"href":"https:\/\/bergerat-used.com\/pl\/wp-json\/wp\/v2\/media\/1608627"}],"wp:attachment":[{"href":"https:\/\/bergerat-used.com\/pl\/wp-json\/wp\/v2\/media?parent=1074"}],"curies":[{"name":"wp","href":"https:\/\/api.w.org\/{rel}","templated":true}]}}